{"id":2294,"date":"2025-05-09T16:42:11","date_gmt":"2025-05-09T14:42:11","guid":{"rendered":"https:\/\/lakogep.hu\/?page_id=2294"},"modified":"2025-11-18T08:51:06","modified_gmt":"2025-11-18T07:51:06","slug":"contact","status":"publish","type":"page","link":"https:\/\/lakogep.carbongroup.hu\/dup-installer\/contact\/","title":{"rendered":"Contact"},"content":{"rendered":"\t\t<div data-elementor-type=\"wp-page\" data-elementor-id=\"2294\" class=\"elementor elementor-2294\" data-elementor-post-type=\"page\">\n\t\t\t\t<div data-particle_enable=\"false\" data-particle-mobile-disabled=\"false\" class=\"elementor-element elementor-element-43d16d56 e-flex e-con-boxed e-con e-parent\" data-id=\"43d16d56\" data-element_type=\"container\">\n\t\t\t\t\t<div class=\"e-con-inner\">\n\t\t<div data-particle_enable=\"false\" data-particle-mobile-disabled=\"false\" class=\"elementor-element elementor-element-6ec10ccb e-con-full e-flex e-con e-child\" data-id=\"6ec10ccb\" data-element_type=\"container\">\n\t\t\t\t<div class=\"elementor-element elementor-element-e498780 elementor-widget__width-initial elementor-widget elementor-widget-heading\" data-id=\"e498780\" data-element_type=\"widget\" data-widget_type=\"heading.default\">\n\t\t\t\t<div class=\"elementor-widget-container\">\n\t\t\t\t\t<h1 class=\"elementor-heading-title elementor-size-default\">Contact<\/h1>\t\t\t\t<\/div>\n\t\t\t\t<\/div>\n\t\t\t\t<div class=\"elementor-element elementor-element-3e7719b4 elementor-vertical-align-top elementor-widget-mobile__width-initial elementor-vertical-align-top elementor-widget elementor-widget-image-box\" data-id=\"3e7719b4\" data-element_type=\"widget\" data-widget_type=\"image-box.default\">\n\t\t\t\t<div class=\"elementor-widget-container\">\n\t\t\t\t\t<div class=\"elementor-image-box-wrapper\"><div class=\"elementor-image-box-content\"><p class=\"elementor-image-box-description\"><b>Lak\u00f3g\u00e9p Kft.<\/b><\/p><\/div><\/div>\t\t\t\t<\/div>\n\t\t\t\t<\/div>\n\t\t\t\t<div class=\"elementor-element elementor-element-6a34877 elementor-vertical-align-top elementor-widget-mobile__width-initial elementor-vertical-align-top elementor-widget elementor-widget-image-box\" data-id=\"6a34877\" data-element_type=\"widget\" data-widget_type=\"image-box.default\">\n\t\t\t\t<div class=\"elementor-widget-container\">\n\t\t\t\t\t<div class=\"elementor-image-box-wrapper\"><div class=\"elementor-image-box-content\"><p class=\"elementor-image-box-description\">1021 Budapest, H\u0171v\u00f6sv\u00f6lgyi street 64-66. Hungary<\/p><\/div><\/div>\t\t\t\t<\/div>\n\t\t\t\t<\/div>\n\t\t\t\t<div class=\"elementor-element elementor-element-4933f07 elementor-vertical-align-top elementor-widget-mobile__width-initial elementor-vertical-align-top elementor-widget elementor-widget-image-box\" data-id=\"4933f07\" data-element_type=\"widget\" data-widget_type=\"image-box.default\">\n\t\t\t\t<div class=\"elementor-widget-container\">\n\t\t\t\t\t<div class=\"elementor-image-box-wrapper\"><div class=\"elementor-image-box-content\"><p class=\"elementor-image-box-description\">4030 Debrecen, Mikep\u00e9rcsi street 71. Hungary<\/p><\/div><\/div>\t\t\t\t<\/div>\n\t\t\t\t<\/div>\n\t\t\t\t<div class=\"elementor-element elementor-element-3c5e0b86 elementor-vertical-align-top elementor-widget-mobile__width-initial elementor-vertical-align-top elementor-widget elementor-widget-image-box\" data-id=\"3c5e0b86\" data-element_type=\"widget\" data-widget_type=\"image-box.default\">\n\t\t\t\t<div class=\"elementor-widget-container\">\n\t\t\t\t\t<div class=\"elementor-image-box-wrapper\"><div class=\"elementor-image-box-content\"><p class=\"elementor-image-box-description\">E-mail: info@lakogep.hu<\/p><\/div><\/div>\t\t\t\t<\/div>\n\t\t\t\t<\/div>\n\t\t\t\t<div class=\"elementor-element elementor-element-376a0bdb elementor-icon-list--layout-traditional elementor-list-item-link-full_width elementor-widget elementor-widget-icon-list\" data-id=\"376a0bdb\" data-element_type=\"widget\" data-widget_type=\"icon-list.default\">\n\t\t\t\t<div class=\"elementor-widget-container\">\n\t\t\t\t\t\t\t<ul class=\"elementor-icon-list-items\">\n\t\t\t\t\t\t\t<li class=\"elementor-icon-list-item\">\n\t\t\t\t\t\t\t\t\t\t\t<a href=\"https:\/\/www.linkedin.com\/company\/lak%C3%B3g%C3%A9p-%C3%A9p%C3%ADt%C5%91ipari-szolg%C3%A1ltat%C3%B3-%C3%A9s-kereskedelmi-korl%C3%A1tolt-felel%C5%91ss%C3%A9g%C5%B1-t%C3%A1rsas%C3%A1g\/about\/\" target=\"_blank\">\n\n\t\t\t\t\t\t\t\t\t\t\t\t<span class=\"elementor-icon-list-icon\">\n\t\t\t\t\t\t\t<i aria-hidden=\"true\" class=\"fab fa-linkedin-in\"><\/i>\t\t\t\t\t\t<\/span>\n\t\t\t\t\t\t\t\t\t\t<span class=\"elementor-icon-list-text\">hu.linkedin\/lakogep<\/span>\n\t\t\t\t\t\t\t\t\t\t\t<\/a>\n\t\t\t\t\t\t\t\t\t<\/li>\n\t\t\t\t\t\t<\/ul>\n\t\t\t\t\t\t<\/div>\n\t\t\t\t<\/div>\n\t\t\t\t<\/div>\n\t\t<div data-particle_enable=\"false\" data-particle-mobile-disabled=\"false\" class=\"elementor-element elementor-element-482b1133 e-con-full e-flex e-con e-child\" data-id=\"482b1133\" data-element_type=\"container\">\n\t\t\t\t<div class=\"elementor-element elementor-element-7195acdd elementor-widget elementor-widget-google_maps\" data-id=\"7195acdd\" data-element_type=\"widget\" data-widget_type=\"google_maps.default\">\n\t\t\t\t<div class=\"elementor-widget-container\">\n\t\t\t\t\t\t\t<div class=\"elementor-custom-embed\">\n\t\t\t<iframe loading=\"lazy\"\n\t\t\t\t\tsrc=\"https:\/\/maps.google.com\/maps?q=1021%20Budapest%2C%20H%C5%B1v%C3%B6sv%C3%B6lgyi%20%C3%BAt%2064-66.&#038;t=m&#038;z=15&#038;output=embed&#038;iwloc=near\"\n\t\t\t\t\ttitle=\"1021 Budapest, H\u0171v\u00f6sv\u00f6lgyi \u00fat 64-66.\"\n\t\t\t\t\taria-label=\"1021 Budapest, H\u0171v\u00f6sv\u00f6lgyi \u00fat 64-66.\"\n\t\t\t><\/iframe>\n\t\t<\/div>\n\t\t\t\t\t\t<\/div>\n\t\t\t\t<\/div>\n\t\t\t\t<\/div>\n\t\t\t\t\t<\/div>\n\t\t\t\t<\/div>\n\t\t\t\t<\/div>\n\t\t","protected":false},"excerpt":{"rendered":"<p>Contact Lak\u00f3g\u00e9p Kft. 1021 Budapest, H\u0171v\u00f6sv\u00f6lgyi street 64-66. Hungary 4030 Debrecen, Mikep\u00e9rcsi street 71. Hungary E-mail: info@lakogep.hu hu.linkedin\/lakogep<\/p>\n","protected":false},"author":4,"featured_media":0,"parent":0,"menu_order":0,"comment_status":"closed","ping_status":"closed","template":"elementor_header_footer","meta":{"footnotes":""},"class_list":["post-2294","page","type-page","status-publish","hentry"],"lang":"en","translations":{"en":2294,"hu":1920},"pll_sync_post":[],"_links":{"self":[{"href":"https:\/\/lakogep.carbongroup.hu\/dup-installer\/wp-json\/wp\/v2\/pages\/2294","targetHints":{"allow":["GET"]}}],"collection":[{"href":"https:\/\/lakogep.carbongroup.hu\/dup-installer\/wp-json\/wp\/v2\/pages"}],"about":[{"href":"https:\/\/lakogep.carbongroup.hu\/dup-installer\/wp-json\/wp\/v2\/types\/page"}],"author":[{"embeddable":true,"href":"https:\/\/lakogep.carbongroup.hu\/dup-installer\/wp-json\/wp\/v2\/users\/4"}],"replies":[{"embeddable":true,"href":"https:\/\/lakogep.carbongroup.hu\/dup-installer\/wp-json\/wp\/v2\/comments?post=2294"}],"version-history":[{"count":10,"href":"https:\/\/lakogep.carbongroup.hu\/dup-installer\/wp-json\/wp\/v2\/pages\/2294\/revisions"}],"predecessor-version":[{"id":3254,"href":"https:\/\/lakogep.carbongroup.hu\/dup-installer\/wp-json\/wp\/v2\/pages\/2294\/revisions\/3254"}],"wp:attachment":[{"href":"https:\/\/lakogep.carbongroup.hu\/dup-installer\/wp-json\/wp\/v2\/media?parent=2294"}],"curies":[{"name":"wp","href":"https:\/\/api.w.org\/{rel}","templated":true}]}}