{"id":2005,"date":"2025-04-28T18:22:20","date_gmt":"2025-04-28T16:22:20","guid":{"rendered":"https:\/\/lakogep.hu\/?page_id=2005"},"modified":"2025-11-24T20:35:39","modified_gmt":"2025-11-24T19:35:39","slug":"hemopage","status":"publish","type":"page","link":"https:\/\/lakogep.carbongroup.hu\/dup-installer\/","title":{"rendered":"homepage"},"content":{"rendered":"\t\t<div data-elementor-type=\"wp-page\" data-elementor-id=\"2005\" class=\"elementor elementor-2005\" data-elementor-post-type=\"page\">\n\t\t\t\t<div data-particle_enable=\"false\" data-particle-mobile-disabled=\"false\" class=\"elementor-element elementor-element-4171c0c4 e-flex e-con-boxed e-con e-parent\" data-id=\"4171c0c4\" data-element_type=\"container\">\n\t\t\t\t\t<div class=\"e-con-inner\">\n\t\t<div data-particle_enable=\"false\" data-particle-mobile-disabled=\"false\" class=\"elementor-element elementor-element-5ad1dcea e-con-full e-flex e-con e-child\" data-id=\"5ad1dcea\" data-element_type=\"container\">\n\t\t\t\t<div class=\"elementor-element elementor-element-553a9233 elementor-widget__width-initial elementor-hidden-mobile elementor-widget elementor-widget-heading\" data-id=\"553a9233\" data-element_type=\"widget\" data-widget_type=\"heading.default\">\n\t\t\t\t<div class=\"elementor-widget-container\">\n\t\t\t\t\t<h1 class=\"elementor-heading-title elementor-size-default\">We are specialists in the construction<br> of industrial properties.<\/h1>\t\t\t\t<\/div>\n\t\t\t\t<\/div>\n\t\t\t\t<div class=\"elementor-element elementor-element-4ecd399 elementor-widget__width-initial elementor-hidden-desktop elementor-hidden-tablet elementor-widget elementor-widget-heading\" data-id=\"4ecd399\" data-element_type=\"widget\" data-widget_type=\"heading.default\">\n\t\t\t\t<div class=\"elementor-widget-container\">\n\t\t\t\t\t<h1 class=\"elementor-heading-title elementor-size-default\">We are specialists in the construction of industrial properties<\/h1>\t\t\t\t<\/div>\n\t\t\t\t<\/div>\n\t\t\t\t<div class=\"elementor-element elementor-element-75e0b853 elementor-widget__width-initial elementor-widget elementor-widget-heading\" data-id=\"75e0b853\" data-element_type=\"widget\" data-widget_type=\"heading.default\">\n\t\t\t\t<div class=\"elementor-widget-container\">\n\t\t\t\t\t<h2 class=\"elementor-heading-title elementor-size-default\">High standards, international requirements, global best practices.<\/h2>\t\t\t\t<\/div>\n\t\t\t\t<\/div>\n\t\t\t\t<\/div>\n\t\t\t\t\t<\/div>\n\t\t\t\t<\/div>\n\t\t<div data-particle_enable=\"false\" data-particle-mobile-disabled=\"false\" class=\"elementor-element elementor-element-3d9911ca e-con-full e-flex e-con e-parent\" data-id=\"3d9911ca\" data-element_type=\"container\" data-settings=\"{&quot;background_background&quot;:&quot;video&quot;,&quot;background_play_on_mobile&quot;:&quot;yes&quot;,&quot;background_privacy_mode&quot;:&quot;yes&quot;}\">\n\t\t\t\t<div class=\"elementor-element elementor-element-3266fcf6 elementor-widget elementor-widget-video\" data-id=\"3266fcf6\" data-element_type=\"widget\" data-settings=\"{&quot;video_type&quot;:&quot;hosted&quot;,&quot;autoplay&quot;:&quot;yes&quot;,&quot;play_on_mobile&quot;:&quot;yes&quot;,&quot;loop&quot;:&quot;yes&quot;,&quot;mute&quot;:&quot;yes&quot;}\" data-widget_type=\"video.default\">\n\t\t\t\t<div class=\"elementor-widget-container\">\n\t\t\t\t\t\t\t<div class=\"e-hosted-video elementor-wrapper elementor-open-inline\">\n\t\t\t\t\t<video class=\"elementor-video\" src=\"https:\/\/lakogep.carbongroup.hu\/dup-installer\/wp-content\/uploads\/2025\/03\/lakogep_company_fooldali_4.webm\" autoplay=\"\" loop=\"\" muted=\"muted\" playsinline=\"\" controlsList=\"nodownload\"><\/video>\n\t\t\t\t<\/div>\n\t\t\t\t\t\t<\/div>\n\t\t\t\t<\/div>\n\t\t\t\t<\/div>\n\t\t<div data-particle_enable=\"false\" data-particle-mobile-disabled=\"false\" class=\"elementor-element elementor-element-18b2f6eb e-flex e-con-boxed e-con e-parent\" data-id=\"18b2f6eb\" data-element_type=\"container\" data-settings=\"{&quot;background_background&quot;:&quot;classic&quot;}\">\n\t\t\t\t\t<div class=\"e-con-inner\">\n\t\t<div data-particle_enable=\"false\" data-particle-mobile-disabled=\"false\" class=\"elementor-element elementor-element-453109f e-con-full e-flex e-con e-child\" data-id=\"453109f\" data-element_type=\"container\">\n\t\t<div data-particle_enable=\"false\" data-particle-mobile-disabled=\"false\" class=\"elementor-element elementor-element-68393ef3 e-con-full e-flex e-con e-child\" data-id=\"68393ef3\" data-element_type=\"container\" data-settings=\"{&quot;background_background&quot;:&quot;classic&quot;}\">\n\t\t\t\t<\/div>\n\t\t<div data-particle_enable=\"false\" data-particle-mobile-disabled=\"false\" class=\"elementor-element elementor-element-487f01ad e-con-full e-flex e-con e-child\" data-id=\"487f01ad\" data-element_type=\"container\">\n\t\t\t\t<div class=\"elementor-element elementor-element-6951c091 elementor-widget elementor-widget-counter\" data-id=\"6951c091\" data-element_type=\"widget\" data-widget_type=\"counter.default\">\n\t\t\t\t<div class=\"elementor-widget-container\">\n\t\t\t\t\t\t\t<div class=\"elementor-counter\">\n\t\t\t\t\t\t<div class=\"elementor-counter-number-wrapper\">\n\t\t\t\t<span class=\"elementor-counter-number-prefix\"><\/span>\n\t\t\t\t<span class=\"elementor-counter-number\" data-duration=\"3000\" data-to-value=\"280\" data-from-value=\"0\">0<\/span>\n\t\t\t\t<span class=\"elementor-counter-number-suffix\"><\/span>\n\t\t\t<\/div>\n\t\t<\/div>\n\t\t\t\t\t\t<\/div>\n\t\t\t\t<\/div>\n\t\t\t\t<\/div>\n\t\t<div data-particle_enable=\"false\" data-particle-mobile-disabled=\"false\" class=\"elementor-element elementor-element-4e290d0e e-con-full e-flex e-con e-child\" data-id=\"4e290d0e\" data-element_type=\"container\">\n\t\t\t\t<div class=\"elementor-element elementor-element-24d932f3 elementor-widget-tablet__width-initial elementor-widget elementor-widget-text-editor\" data-id=\"24d932f3\" data-element_type=\"widget\" data-widget_type=\"text-editor.default\">\n\t\t\t\t<div class=\"elementor-widget-container\">\n\t\t\t\t\t\t\t\t\tmillion euros<br>\ninvestment value\t\t\t\t\t\t\t\t<\/div>\n\t\t\t\t<\/div>\n\t\t\t\t<\/div>\n\t\t\t\t<\/div>\n\t\t<div data-particle_enable=\"false\" data-particle-mobile-disabled=\"false\" class=\"elementor-element elementor-element-249d357b e-con-full e-flex e-con e-child\" data-id=\"249d357b\" data-element_type=\"container\">\n\t\t<div data-particle_enable=\"false\" data-particle-mobile-disabled=\"false\" class=\"elementor-element elementor-element-51911930 e-con-full e-flex e-con e-child\" data-id=\"51911930\" data-element_type=\"container\" data-settings=\"{&quot;background_background&quot;:&quot;classic&quot;}\">\n\t\t\t\t<\/div>\n\t\t<div data-particle_enable=\"false\" data-particle-mobile-disabled=\"false\" class=\"elementor-element elementor-element-34e35b49 e-con-full e-flex e-con e-child\" data-id=\"34e35b49\" data-element_type=\"container\">\n\t\t\t\t<div class=\"elementor-element elementor-element-34e1c476 elementor-widget elementor-widget-counter\" data-id=\"34e1c476\" data-element_type=\"widget\" data-widget_type=\"counter.default\">\n\t\t\t\t<div class=\"elementor-widget-container\">\n\t\t\t\t\t\t\t<div class=\"elementor-counter\">\n\t\t\t\t\t\t<div class=\"elementor-counter-number-wrapper\">\n\t\t\t\t<span class=\"elementor-counter-number-prefix\"><\/span>\n\t\t\t\t<span class=\"elementor-counter-number\" data-duration=\"3000\" data-to-value=\"40\" data-from-value=\"0\">0<\/span>\n\t\t\t\t<span class=\"elementor-counter-number-suffix\"><\/span>\n\t\t\t<\/div>\n\t\t<\/div>\n\t\t\t\t\t\t<\/div>\n\t\t\t\t<\/div>\n\t\t\t\t<\/div>\n\t\t<div data-particle_enable=\"false\" data-particle-mobile-disabled=\"false\" class=\"elementor-element elementor-element-6f3c7c1e e-con-full e-flex e-con e-child\" data-id=\"6f3c7c1e\" data-element_type=\"container\">\n\t\t\t\t<div class=\"elementor-element elementor-element-6679f65a elementor-widget-tablet__width-initial elementor-widget elementor-widget-text-editor\" data-id=\"6679f65a\" data-element_type=\"widget\" data-widget_type=\"text-editor.default\">\n\t\t\t\t<div class=\"elementor-widget-container\">\n\t\t\t\t\t\t\t\t\tindustry<br>\nproject\t\t\t\t\t\t\t\t<\/div>\n\t\t\t\t<\/div>\n\t\t\t\t<\/div>\n\t\t\t\t<\/div>\n\t\t<div data-particle_enable=\"false\" data-particle-mobile-disabled=\"false\" class=\"elementor-element elementor-element-23b1589b e-con-full e-flex e-con e-child\" data-id=\"23b1589b\" data-element_type=\"container\">\n\t\t<div data-particle_enable=\"false\" data-particle-mobile-disabled=\"false\" class=\"elementor-element elementor-element-2c0f0d8d e-con-full e-flex e-con e-child\" data-id=\"2c0f0d8d\" data-element_type=\"container\" data-settings=\"{&quot;background_background&quot;:&quot;classic&quot;}\">\n\t\t\t\t<\/div>\n\t\t<div data-particle_enable=\"false\" data-particle-mobile-disabled=\"false\" class=\"elementor-element elementor-element-100ba9eb e-con-full e-flex e-con e-child\" data-id=\"100ba9eb\" data-element_type=\"container\">\n\t\t\t\t<div class=\"elementor-element elementor-element-607940b7 elementor-widget elementor-widget-counter\" data-id=\"607940b7\" data-element_type=\"widget\" data-widget_type=\"counter.default\">\n\t\t\t\t<div class=\"elementor-widget-container\">\n\t\t\t\t\t\t\t<div class=\"elementor-counter\">\n\t\t\t\t\t\t<div class=\"elementor-counter-number-wrapper\">\n\t\t\t\t<span class=\"elementor-counter-number-prefix\"><\/span>\n\t\t\t\t<span class=\"elementor-counter-number\" data-duration=\"3000\" data-to-value=\"19\" data-from-value=\"0\">0<\/span>\n\t\t\t\t<span class=\"elementor-counter-number-suffix\"><\/span>\n\t\t\t<\/div>\n\t\t<\/div>\n\t\t\t\t\t\t<\/div>\n\t\t\t\t<\/div>\n\t\t\t\t<\/div>\n\t\t<div data-particle_enable=\"false\" data-particle-mobile-disabled=\"false\" class=\"elementor-element elementor-element-460ebde8 e-con-full e-flex e-con e-child\" data-id=\"460ebde8\" data-element_type=\"container\">\n\t\t\t\t<div class=\"elementor-element elementor-element-450ed2ce elementor-widget-tablet__width-initial elementor-widget elementor-widget-text-editor\" data-id=\"450ed2ce\" data-element_type=\"widget\" data-widget_type=\"text-editor.default\">\n\t\t\t\t<div class=\"elementor-widget-container\">\n\t\t\t\t\t\t\t\t\tannual domestic<br>\nexperience\t\t\t\t\t\t\t\t<\/div>\n\t\t\t\t<\/div>\n\t\t\t\t<\/div>\n\t\t\t\t<\/div>\n\t\t<div data-particle_enable=\"false\" data-particle-mobile-disabled=\"false\" class=\"elementor-element elementor-element-40fe33b6 e-con-full e-flex e-con e-child\" data-id=\"40fe33b6\" data-element_type=\"container\">\n\t\t<div data-particle_enable=\"false\" data-particle-mobile-disabled=\"false\" class=\"elementor-element elementor-element-2eeba4c2 e-con-full e-flex e-con e-child\" data-id=\"2eeba4c2\" data-element_type=\"container\" data-settings=\"{&quot;background_background&quot;:&quot;classic&quot;}\">\n\t\t\t\t<\/div>\n\t\t<div data-particle_enable=\"false\" data-particle-mobile-disabled=\"false\" class=\"elementor-element elementor-element-7a2d6cfa e-con-full e-flex e-con e-child\" data-id=\"7a2d6cfa\" data-element_type=\"container\">\n\t\t\t\t<div class=\"elementor-element elementor-element-cee81ae small-label-text elementor-widget elementor-widget-counter\" data-id=\"cee81ae\" data-element_type=\"widget\" data-widget_type=\"counter.default\">\n\t\t\t\t<div class=\"elementor-widget-container\">\n\t\t\t\t\t\t\t<div class=\"elementor-counter\">\n\t\t\t\t\t\t<div class=\"elementor-counter-number-wrapper\">\n\t\t\t\t<span class=\"elementor-counter-number-prefix\"><\/span>\n\t\t\t\t<span class=\"elementor-counter-number\" data-duration=\"3000\" data-to-value=\"600\" data-from-value=\"0\">0<\/span>\n\t\t\t\t<span class=\"elementor-counter-number-suffix\">E+<\/span>\n\t\t\t<\/div>\n\t\t<\/div>\n\t\t\t\t\t\t<\/div>\n\t\t\t\t<\/div>\n\t\t\t\t<\/div>\n\t\t<div data-particle_enable=\"false\" data-particle-mobile-disabled=\"false\" class=\"elementor-element elementor-element-628ae6ab e-con-full e-flex e-con e-child\" data-id=\"628ae6ab\" data-element_type=\"container\">\n\t\t\t\t<div class=\"elementor-element elementor-element-19fa651a elementor-widget-tablet__width-initial elementor-widget elementor-widget-text-editor\" data-id=\"19fa651a\" data-element_type=\"widget\" data-widget_type=\"text-editor.default\">\n\t\t\t\t<div class=\"elementor-widget-container\">\n\t\t\t\t\t\t\t\t\tm<sup>2<\/sup><br>\narea\t\t\t\t\t\t\t\t<\/div>\n\t\t\t\t<\/div>\n\t\t\t\t<\/div>\n\t\t\t\t<\/div>\n\t\t\t\t\t<\/div>\n\t\t\t\t<\/div>\n\t\t<div data-particle_enable=\"false\" data-particle-mobile-disabled=\"false\" class=\"elementor-element elementor-element-7c29e67d e-flex e-con-boxed e-con e-parent\" data-id=\"7c29e67d\" data-element_type=\"container\">\n\t\t\t\t\t<div class=\"e-con-inner\">\n\t\t\t\t<div class=\"elementor-element elementor-element-6f33d797 elementor-widget elementor-widget-heading\" data-id=\"6f33d797\" data-element_type=\"widget\" data-widget_type=\"heading.default\">\n\t\t\t\t<div class=\"elementor-widget-container\">\n\t\t\t\t\t<h2 class=\"elementor-heading-title elementor-size-default\">Get in touch with us!<\/h2>\t\t\t\t<\/div>\n\t\t\t\t<\/div>\n\t\t\t\t\t<\/div>\n\t\t\t\t<\/div>\n\t\t<div data-particle_enable=\"false\" data-particle-mobile-disabled=\"false\" class=\"elementor-element elementor-element-2e1df956 e-flex e-con-boxed e-con e-parent\" data-id=\"2e1df956\" data-element_type=\"container\">\n\t\t\t\t\t<div class=\"e-con-inner\">\n\t\t<div data-particle_enable=\"false\" data-particle-mobile-disabled=\"false\" class=\"elementor-element elementor-element-9d933dd e-con-full e-flex e-con e-child\" data-id=\"9d933dd\" data-element_type=\"container\">\n\t\t\t\t<div class=\"elementor-element elementor-element-135b674 e-transform elementor-widget elementor-widget-image\" data-id=\"135b674\" data-element_type=\"widget\" data-settings=\"{&quot;_transform_flipX_effect&quot;:&quot;transform&quot;}\" data-widget_type=\"image.default\">\n\t\t\t\t<div class=\"elementor-widget-container\">\n\t\t\t\t\t\t\t\t\t\t\t\t\t\t\t<img fetchpriority=\"high\" decoding=\"async\" width=\"2133\" height=\"2133\" src=\"https:\/\/lakogep.carbongroup.hu\/dup-installer\/wp-content\/uploads\/2025\/10\/Peter_gyorgy-scaled-e1759861726254.jpg\" class=\"attachment-full size-full wp-image-3059\" alt=\"\" srcset=\"https:\/\/lakogep.carbongroup.hu\/dup-installer\/wp-content\/uploads\/2025\/10\/Peter_gyorgy-scaled-e1759861726254.jpg 2133w, https:\/\/lakogep.carbongroup.hu\/dup-installer\/wp-content\/uploads\/2025\/10\/Peter_gyorgy-scaled-e1759861726254-300x300.jpg 300w, https:\/\/lakogep.carbongroup.hu\/dup-installer\/wp-content\/uploads\/2025\/10\/Peter_gyorgy-scaled-e1759861726254-1024x1024.jpg 1024w, https:\/\/lakogep.carbongroup.hu\/dup-installer\/wp-content\/uploads\/2025\/10\/Peter_gyorgy-scaled-e1759861726254-150x150.jpg 150w, https:\/\/lakogep.carbongroup.hu\/dup-installer\/wp-content\/uploads\/2025\/10\/Peter_gyorgy-scaled-e1759861726254-768x768.jpg 768w, https:\/\/lakogep.carbongroup.hu\/dup-installer\/wp-content\/uploads\/2025\/10\/Peter_gyorgy-scaled-e1759861726254-1536x1536.jpg 1536w, https:\/\/lakogep.carbongroup.hu\/dup-installer\/wp-content\/uploads\/2025\/10\/Peter_gyorgy-scaled-e1759861726254-2048x2048.jpg 2048w\" sizes=\"(max-width: 2133px) 100vw, 2133px\" \/>\t\t\t\t\t\t\t\t\t\t\t\t\t\t\t<\/div>\n\t\t\t\t<\/div>\n\t\t\t\t<div class=\"elementor-element elementor-element-e3b610d elementor-hidden-desktop elementor-hidden-tablet elementor-widget elementor-widget-spacer\" data-id=\"e3b610d\" data-element_type=\"widget\" data-widget_type=\"spacer.default\">\n\t\t\t\t<div class=\"elementor-widget-container\">\n\t\t\t\t\t\t\t<div class=\"elementor-spacer\">\n\t\t\t<div class=\"elementor-spacer-inner\"><\/div>\n\t\t<\/div>\n\t\t\t\t\t\t<\/div>\n\t\t\t\t<\/div>\n\t\t\t\t<div class=\"elementor-element elementor-element-62e4652 elementor-widget__width-initial elementor-widget-mobile__width-initial elementor-widget elementor-widget-heading\" data-id=\"62e4652\" data-element_type=\"widget\" data-widget_type=\"heading.default\">\n\t\t\t\t<div class=\"elementor-widget-container\">\n\t\t\t\t\t<h2 class=\"elementor-heading-title elementor-size-default\">Gy\u00f6rgy P\u00e9ter<\/h2>\t\t\t\t<\/div>\n\t\t\t\t<\/div>\n\t\t\t\t<div class=\"elementor-element elementor-element-70cd4de elementor-widget__width-initial elementor-widget-mobile__width-initial elementor-widget elementor-widget-heading\" data-id=\"70cd4de\" data-element_type=\"widget\" data-widget_type=\"heading.default\">\n\t\t\t\t<div class=\"elementor-widget-container\">\n\t\t\t\t\t<h2 class=\"elementor-heading-title elementor-size-default\">chief executive officer<\/h2>\t\t\t\t<\/div>\n\t\t\t\t<\/div>\n\t\t<div data-particle_enable=\"false\" data-particle-mobile-disabled=\"false\" class=\"elementor-element elementor-element-d0bfb75 e-con-full e-flex e-con e-child\" data-id=\"d0bfb75\" data-element_type=\"container\">\n\t\t\t\t<div class=\"elementor-element elementor-element-6fe2de9 elementor-widget__width-initial elementor-widget-mobile__width-initial elementor-view-default elementor-widget elementor-widget-icon\" data-id=\"6fe2de9\" data-element_type=\"widget\" data-widget_type=\"icon.default\">\n\t\t\t\t<div class=\"elementor-widget-container\">\n\t\t\t\t\t\t\t<div class=\"elementor-icon-wrapper\">\n\t\t\t<a class=\"elementor-icon\" href=\"mailto:peter.gyorgy@lakogep.hu\">\n\t\t\t<i aria-hidden=\"true\" class=\"far fa-envelope\"><\/i>\t\t\t<\/a>\n\t\t<\/div>\n\t\t\t\t\t\t<\/div>\n\t\t\t\t<\/div>\n\t\t\t\t<div class=\"elementor-element elementor-element-c9bd78e elementor-widget__width-initial elementor-widget-mobile__width-initial elementor-view-default elementor-widget elementor-widget-icon\" data-id=\"c9bd78e\" data-element_type=\"widget\" data-widget_type=\"icon.default\">\n\t\t\t\t<div class=\"elementor-widget-container\">\n\t\t\t\t\t\t\t<div class=\"elementor-icon-wrapper\">\n\t\t\t<a class=\"elementor-icon\" href=\"https:\/\/www.linkedin.com\/in\/gyorgypeter\/\">\n\t\t\t<i aria-hidden=\"true\" class=\"fab fa-linkedin\"><\/i>\t\t\t<\/a>\n\t\t<\/div>\n\t\t\t\t\t\t<\/div>\n\t\t\t\t<\/div>\n\t\t\t\t<\/div>\n\t\t\t\t<\/div>\n\t\t<div data-particle_enable=\"false\" data-particle-mobile-disabled=\"false\" class=\"elementor-element elementor-element-f58b4d1 e-con-full e-flex e-con e-child\" data-id=\"f58b4d1\" data-element_type=\"container\">\n\t\t\t\t<div class=\"elementor-element elementor-element-b727dd8 elementor-widget elementor-widget-image\" data-id=\"b727dd8\" data-element_type=\"widget\" data-widget_type=\"image.default\">\n\t\t\t\t<div class=\"elementor-widget-container\">\n\t\t\t\t\t\t\t\t\t\t\t\t\t\t\t<img decoding=\"async\" width=\"1194\" height=\"1194\" src=\"https:\/\/lakogep.carbongroup.hu\/dup-installer\/wp-content\/uploads\/2025\/11\/PalaiPatrik-e1764012931957.jpg\" class=\"attachment-full size-full wp-image-3279\" alt=\"\" srcset=\"https:\/\/lakogep.carbongroup.hu\/dup-installer\/wp-content\/uploads\/2025\/11\/PalaiPatrik-e1764012931957.jpg 1194w, https:\/\/lakogep.carbongroup.hu\/dup-installer\/wp-content\/uploads\/2025\/11\/PalaiPatrik-e1764012931957-300x300.jpg 300w, https:\/\/lakogep.carbongroup.hu\/dup-installer\/wp-content\/uploads\/2025\/11\/PalaiPatrik-e1764012931957-1024x1024.jpg 1024w, https:\/\/lakogep.carbongroup.hu\/dup-installer\/wp-content\/uploads\/2025\/11\/PalaiPatrik-e1764012931957-150x150.jpg 150w, https:\/\/lakogep.carbongroup.hu\/dup-installer\/wp-content\/uploads\/2025\/11\/PalaiPatrik-e1764012931957-768x768.jpg 768w\" sizes=\"(max-width: 1194px) 100vw, 1194px\" \/>\t\t\t\t\t\t\t\t\t\t\t\t\t\t\t<\/div>\n\t\t\t\t<\/div>\n\t\t\t\t<div class=\"elementor-element elementor-element-01971c8 elementor-hidden-desktop elementor-hidden-tablet elementor-widget elementor-widget-spacer\" data-id=\"01971c8\" data-element_type=\"widget\" data-widget_type=\"spacer.default\">\n\t\t\t\t<div class=\"elementor-widget-container\">\n\t\t\t\t\t\t\t<div class=\"elementor-spacer\">\n\t\t\t<div class=\"elementor-spacer-inner\"><\/div>\n\t\t<\/div>\n\t\t\t\t\t\t<\/div>\n\t\t\t\t<\/div>\n\t\t\t\t<div class=\"elementor-element elementor-element-3de32b1 elementor-widget__width-initial elementor-widget-mobile__width-initial elementor-widget elementor-widget-heading\" data-id=\"3de32b1\" data-element_type=\"widget\" data-widget_type=\"heading.default\">\n\t\t\t\t<div class=\"elementor-widget-container\">\n\t\t\t\t\t<h2 class=\"elementor-heading-title elementor-size-default\">Patrik Palai<\/h2>\t\t\t\t<\/div>\n\t\t\t\t<\/div>\n\t\t\t\t<div class=\"elementor-element elementor-element-ffe1f98 elementor-widget__width-initial elementor-widget-mobile__width-initial elementor-widget elementor-widget-heading\" data-id=\"ffe1f98\" data-element_type=\"widget\" data-widget_type=\"heading.default\">\n\t\t\t\t<div class=\"elementor-widget-container\">\n\t\t\t\t\t<h2 class=\"elementor-heading-title elementor-size-default\">founder<\/h2>\t\t\t\t<\/div>\n\t\t\t\t<\/div>\n\t\t\t\t<\/div>\n\t\t<div data-particle_enable=\"false\" data-particle-mobile-disabled=\"false\" class=\"elementor-element elementor-element-d8d7863 e-con-full e-flex e-con e-child\" data-id=\"d8d7863\" data-element_type=\"container\">\n\t\t\t\t<div class=\"elementor-element elementor-element-67e13e8 elementor-widget elementor-widget-image\" data-id=\"67e13e8\" data-element_type=\"widget\" data-widget_type=\"image.default\">\n\t\t\t\t<div class=\"elementor-widget-container\">\n\t\t\t\t\t\t\t\t\t\t\t\t\t\t\t<img decoding=\"async\" width=\"2133\" height=\"2133\" src=\"https:\/\/lakogep.carbongroup.hu\/dup-installer\/wp-content\/uploads\/2025\/10\/Vago_laszlo-scaled-e1759862189375.jpg\" class=\"attachment-full size-full wp-image-3060\" alt=\"\" srcset=\"https:\/\/lakogep.carbongroup.hu\/dup-installer\/wp-content\/uploads\/2025\/10\/Vago_laszlo-scaled-e1759862189375.jpg 2133w, https:\/\/lakogep.carbongroup.hu\/dup-installer\/wp-content\/uploads\/2025\/10\/Vago_laszlo-scaled-e1759862189375-300x300.jpg 300w, https:\/\/lakogep.carbongroup.hu\/dup-installer\/wp-content\/uploads\/2025\/10\/Vago_laszlo-scaled-e1759862189375-1024x1024.jpg 1024w, https:\/\/lakogep.carbongroup.hu\/dup-installer\/wp-content\/uploads\/2025\/10\/Vago_laszlo-scaled-e1759862189375-150x150.jpg 150w, https:\/\/lakogep.carbongroup.hu\/dup-installer\/wp-content\/uploads\/2025\/10\/Vago_laszlo-scaled-e1759862189375-768x768.jpg 768w, https:\/\/lakogep.carbongroup.hu\/dup-installer\/wp-content\/uploads\/2025\/10\/Vago_laszlo-scaled-e1759862189375-1536x1536.jpg 1536w, https:\/\/lakogep.carbongroup.hu\/dup-installer\/wp-content\/uploads\/2025\/10\/Vago_laszlo-scaled-e1759862189375-2048x2048.jpg 2048w\" sizes=\"(max-width: 2133px) 100vw, 2133px\" \/>\t\t\t\t\t\t\t\t\t\t\t\t\t\t\t<\/div>\n\t\t\t\t<\/div>\n\t\t\t\t<div class=\"elementor-element elementor-element-9fdd2a4 elementor-hidden-desktop elementor-hidden-tablet elementor-widget elementor-widget-spacer\" data-id=\"9fdd2a4\" data-element_type=\"widget\" data-widget_type=\"spacer.default\">\n\t\t\t\t<div class=\"elementor-widget-container\">\n\t\t\t\t\t\t\t<div class=\"elementor-spacer\">\n\t\t\t<div class=\"elementor-spacer-inner\"><\/div>\n\t\t<\/div>\n\t\t\t\t\t\t<\/div>\n\t\t\t\t<\/div>\n\t\t\t\t<div class=\"elementor-element elementor-element-e3072c3 elementor-widget__width-initial elementor-widget-mobile__width-initial elementor-widget elementor-widget-heading\" data-id=\"e3072c3\" data-element_type=\"widget\" data-widget_type=\"heading.default\">\n\t\t\t\t<div class=\"elementor-widget-container\">\n\t\t\t\t\t<h2 class=\"elementor-heading-title elementor-size-default\">L\u00e1szl\u00f3 V\u00e1g\u00f3<\/h2>\t\t\t\t<\/div>\n\t\t\t\t<\/div>\n\t\t\t\t<div class=\"elementor-element elementor-element-3d501c8 elementor-widget__width-initial elementor-widget-mobile__width-initial elementor-widget elementor-widget-heading\" data-id=\"3d501c8\" data-element_type=\"widget\" data-widget_type=\"heading.default\">\n\t\t\t\t<div class=\"elementor-widget-container\">\n\t\t\t\t\t<h2 class=\"elementor-heading-title elementor-size-default\">business development director<\/h2>\t\t\t\t<\/div>\n\t\t\t\t<\/div>\n\t\t<div data-particle_enable=\"false\" data-particle-mobile-disabled=\"false\" class=\"elementor-element elementor-element-ccbda82 e-con-full e-flex e-con e-child\" data-id=\"ccbda82\" data-element_type=\"container\">\n\t\t\t\t<div class=\"elementor-element elementor-element-0adbb7d elementor-widget__width-initial elementor-widget-mobile__width-initial elementor-view-default elementor-widget elementor-widget-icon\" data-id=\"0adbb7d\" data-element_type=\"widget\" data-widget_type=\"icon.default\">\n\t\t\t\t<div class=\"elementor-widget-container\">\n\t\t\t\t\t\t\t<div class=\"elementor-icon-wrapper\">\n\t\t\t<a class=\"elementor-icon\" href=\"mailto:vago.laszlo@lakogep.hu\">\n\t\t\t<i aria-hidden=\"true\" class=\"far fa-envelope\"><\/i>\t\t\t<\/a>\n\t\t<\/div>\n\t\t\t\t\t\t<\/div>\n\t\t\t\t<\/div>\n\t\t\t\t<div class=\"elementor-element elementor-element-33b5cfe elementor-widget__width-initial elementor-widget-mobile__width-initial elementor-view-default elementor-widget elementor-widget-icon\" data-id=\"33b5cfe\" data-element_type=\"widget\" data-widget_type=\"icon.default\">\n\t\t\t\t<div class=\"elementor-widget-container\">\n\t\t\t\t\t\t\t<div class=\"elementor-icon-wrapper\">\n\t\t\t<a class=\"elementor-icon\" href=\"https:\/\/www.linkedin.com\/in\/l%C3%A1szl%C3%B3-v%C3%A1g%C3%B3-930060127\/\">\n\t\t\t<i aria-hidden=\"true\" class=\"fab fa-linkedin\"><\/i>\t\t\t<\/a>\n\t\t<\/div>\n\t\t\t\t\t\t<\/div>\n\t\t\t\t<\/div>\n\t\t\t\t<\/div>\n\t\t\t\t<\/div>\n\t\t\t\t\t<\/div>\n\t\t\t\t<\/div>\n\t\t\t\t<\/div>\n\t\t","protected":false},"excerpt":{"rendered":"<p>We are specialists in the construction of industrial properties. We are specialists in the construction of industrial properties High standards, international requirements, global best practices. https:\/\/lakogep.carbongroup.hu\/dup-installer\/wp-content\/uploads\/2025\/03\/lakogep_company_fooldali_4.webm 0 million euros investment value 0 industry project 0 annual domestic experience 0 E+ m2 area Get in touch with us! Gy\u00f6rgy P\u00e9ter chief executive officer Patrik Palai founder [&hellip;]<\/p>\n","protected":false},"author":4,"featured_media":0,"parent":0,"menu_order":0,"comment_status":"closed","ping_status":"closed","template":"elementor_header_footer","meta":{"footnotes":""},"class_list":["post-2005","page","type-page","status-publish","hentry"],"lang":"en","translations":{"en":2005,"hu":8},"pll_sync_post":[],"_links":{"self":[{"href":"https:\/\/lakogep.carbongroup.hu\/dup-installer\/wp-json\/wp\/v2\/pages\/2005","targetHints":{"allow":["GET"]}}],"collection":[{"href":"https:\/\/lakogep.carbongroup.hu\/dup-installer\/wp-json\/wp\/v2\/pages"}],"about":[{"href":"https:\/\/lakogep.carbongroup.hu\/dup-installer\/wp-json\/wp\/v2\/types\/page"}],"author":[{"embeddable":true,"href":"https:\/\/lakogep.carbongroup.hu\/dup-installer\/wp-json\/wp\/v2\/users\/4"}],"replies":[{"embeddable":true,"href":"https:\/\/lakogep.carbongroup.hu\/dup-installer\/wp-json\/wp\/v2\/comments?post=2005"}],"version-history":[{"count":172,"href":"https:\/\/lakogep.carbongroup.hu\/dup-installer\/wp-json\/wp\/v2\/pages\/2005\/revisions"}],"predecessor-version":[{"id":3282,"href":"https:\/\/lakogep.carbongroup.hu\/dup-installer\/wp-json\/wp\/v2\/pages\/2005\/revisions\/3282"}],"wp:attachment":[{"href":"https:\/\/lakogep.carbongroup.hu\/dup-installer\/wp-json\/wp\/v2\/media?parent=2005"}],"curies":[{"name":"wp","href":"https:\/\/api.w.org\/{rel}","templated":true}]}}